{"id":889,"date":"2018-03-03T13:01:34","date_gmt":"2018-03-03T13:01:34","guid":{"rendered":"http:\/\/salonbojana.rs\/?page_id=889"},"modified":"2018-07-24T18:46:16","modified_gmt":"2018-07-24T18:46:16","slug":"maderoterapija","status":"publish","type":"page","link":"http:\/\/salonbojana.rs\/?page_id=889","title":{"rendered":"Maderoterapija"},"content":{"rendered":"<div id=\"pl-889\"  class=\"panel-layout\" ><div id=\"pg-889-0\"  class=\"panel-grid panel-has-style\" ><div style=\"padding: 100px 0; \" data-overlay=\"true\" class=\"panel-row-style panel-row-style-for-889-0\" ><div id=\"pgc-889-0-0\"  class=\"panel-grid-cell\" ><div id=\"panel-889-0-0-0\" class=\"so-panel widget widget_sow-editor panel-first-child panel-last-child\" data-index=\"0\" ><div style=\"text-align: left;\" data-title-color=\"#443f3f\" data-headings-color=\"#443f3f\" class=\"panel-widget-style panel-widget-style-for-889-0-0-0\" ><div\n\t\t\t\n\t\t\tclass=\"so-widget-sow-editor so-widget-sow-editor-base\"\n\t\t\t\n\t\t><h3 class=\"widget-title\">Maderoterapija<\/h3>\n<div class=\"siteorigin-widget-tinymce textwidget\">\n\t<ul>\n<li>Maderoterapija (terapija drvenim oklagijama) poti\u010de iz Kolumbije i zasniva se na kori\u0161\u0107enju anatomski izra\u0111enih elemenata od drveta i nano\u0161enja prirodnih biljnih ulja \u0161to \u010dini terapiju 100% prirodnom bez alergijskih reakcija na ko\u017ei.<\/li>\n<li>Ova terapija daje odli\u010dne rezultate kod svih oblika celulita, masnih naslaga i zadr\u017eavanja vode u telu.<\/li>\n<li>Bitno je naglasiti da u toku masa\u017ee ne treba da ose\u0107ate bol ili nelagodnost, modrice ne smeju da ostaju na ko\u017ei, u suprotnom je to pokazatelj da se ne radi kako treba. Maderoterapija je mo\u0107na metoda u kojoj je bitna tehnika a ne snaga i pritisak. Dozirani pritisak na fibrozni celulit i masne naslage tehnikom serije pokreta limfne drena\u017ee koji se ponavljaju uz kori\u0161\u0107enje puno drvenih elemenata, stimuli\u0161emo limfni sistem tela i time ga osloba\u0111amo od nagomilanih toksina . Ovo ostoba\u0111anje od toksina podsti\u010de organizam na sagorevanje masti. Tako\u0111e, razbijaju se d\u017eepovi upornog celulita i omogu\u0107ava se ravnanje \u201epomorand\u017eine kore\u201c.<\/li>\n<li>Maderoterapija se radi svaki drugi dan, najmanje u seriji od deset. Bilo bi po\u017eeljno da se izme\u0111u maderoterapije rade drugi tretmani za celulit kao \u0161to je VACUSLIM 48 sa Mesmeri preparatima.<\/li>\n<li>Pored uklanjanja celulita i masnih naslaga izra\u017eeno je podizanje tonusa ko\u017ee i zatezanje. Kontraindikacije su kao i kod drugih masa\u017ea.<\/li>\n<li>Najbolja ulja sa kojim se radi maderoterapija su ulje kanabisa, kokosovo i le\u0161nikovo ulje.<\/li>\n<\/ul>\n<p><img decoding=\"async\" loading=\"lazy\" class=\"alignnone  wp-image-992\" src=\"http:\/\/salonbojana.rs\/wp-content\/uploads\/2018\/07\/madero1.jpg\" alt=\"\" width=\"252\" height=\"168\" srcset=\"http:\/\/salonbojana.rs\/wp-content\/uploads\/2018\/07\/madero1.jpg 275w, http:\/\/salonbojana.rs\/wp-content\/uploads\/2018\/07\/madero1-230x153.jpg 230w, http:\/\/salonbojana.rs\/wp-content\/uploads\/2018\/07\/madero1-272x182.jpg 272w\" sizes=\"(max-width: 252px) 100vw, 252px\" \/> <img decoding=\"async\" loading=\"lazy\" class=\"alignnone size-medium wp-image-993\" src=\"http:\/\/salonbojana.rs\/wp-content\/uploads\/2018\/07\/20180212_133402-300x169.jpg\" alt=\"\" width=\"300\" height=\"169\" srcset=\"http:\/\/salonbojana.rs\/wp-content\/uploads\/2018\/07\/20180212_133402-300x169.jpg 300w, http:\/\/salonbojana.rs\/wp-content\/uploads\/2018\/07\/20180212_133402-768x432.jpg 768w, http:\/\/salonbojana.rs\/wp-content\/uploads\/2018\/07\/20180212_133402-1024x576.jpg 1024w, http:\/\/salonbojana.rs\/wp-content\/uploads\/2018\/07\/20180212_133402-830x467.jpg 830w, http:\/\/salonbojana.rs\/wp-content\/uploads\/2018\/07\/20180212_133402-230x129.jpg 230w, http:\/\/salonbojana.rs\/wp-content\/uploads\/2018\/07\/20180212_133402-350x197.jpg 350w, http:\/\/salonbojana.rs\/wp-content\/uploads\/2018\/07\/20180212_133402-480x270.jpg 480w\" sizes=\"(max-width: 300px) 100vw, 300px\" \/><\/p>\n<p>&nbsp;<\/p>\n<p>&nbsp;<\/p>\n<\/div>\n<\/div><\/div><\/div><\/div><\/div><\/div><\/div>","protected":false},"excerpt":{"rendered":"<p>Maderoterapija (terapija drvenim oklagijama) poti\u010de iz Kolumbije i zasniva se na kori\u0161\u0107enju anatomski izra\u0111enih elemenata od drveta i nano\u0161enja prirodnih biljnih ulja [&hellip;]<\/p>\n","protected":false},"author":1,"featured_media":0,"parent":54,"menu_order":0,"comment_status":"closed","ping_status":"closed","template":"","meta":[],"_links":{"self":[{"href":"http:\/\/salonbojana.rs\/index.php?rest_route=\/wp\/v2\/pages\/889"}],"collection":[{"href":"http:\/\/salonbojana.rs\/index.php?rest_route=\/wp\/v2\/pages"}],"about":[{"href":"http:\/\/salonbojana.rs\/index.php?rest_route=\/wp\/v2\/types\/page"}],"author":[{"embeddable":true,"href":"http:\/\/salonbojana.rs\/index.php?rest_route=\/wp\/v2\/users\/1"}],"replies":[{"embeddable":true,"href":"http:\/\/salonbojana.rs\/index.php?rest_route=%2Fwp%2Fv2%2Fcomments&post=889"}],"version-history":[{"count":6,"href":"http:\/\/salonbojana.rs\/index.php?rest_route=\/wp\/v2\/pages\/889\/revisions"}],"predecessor-version":[{"id":997,"href":"http:\/\/salonbojana.rs\/index.php?rest_route=\/wp\/v2\/pages\/889\/revisions\/997"}],"up":[{"embeddable":true,"href":"http:\/\/salonbojana.rs\/index.php?rest_route=\/wp\/v2\/pages\/54"}],"wp:attachment":[{"href":"http:\/\/salonbojana.rs\/index.php?rest_route=%2Fwp%2Fv2%2Fmedia&parent=889"}],"curies":[{"name":"wp","href":"https:\/\/api.w.org\/{rel}","templated":true}]}}