{"id":334,"date":"2017-02-19T00:35:37","date_gmt":"2017-02-19T00:35:37","guid":{"rendered":"http:\/\/salonbojana.rs\/?page_id=334"},"modified":"2017-03-30T06:59:14","modified_gmt":"2017-03-30T06:59:14","slug":"tretmani-grudi","status":"publish","type":"page","link":"https:\/\/salonbojana.rs\/?page_id=334","title":{"rendered":"Tretmani grudi"},"content":{"rendered":"<div id=\"pl-334\"  class=\"panel-layout\" ><div id=\"pg-334-0\"  class=\"panel-grid panel-has-style\" ><div style=\"padding: 100px 0; \" data-overlay=\"true\" class=\"panel-row-style panel-row-style-for-334-0\" ><div id=\"pgc-334-0-0\"  class=\"panel-grid-cell\" ><div id=\"panel-334-0-0-0\" class=\"so-panel widget widget_sow-editor panel-first-child panel-last-child\" data-index=\"0\" ><div style=\"text-align: left;\" data-title-color=\"#443f3f\" data-headings-color=\"#443f3f\" class=\"panel-widget-style panel-widget-style-for-334-0-0-0\" ><div\n\t\t\t\n\t\t\tclass=\"so-widget-sow-editor so-widget-sow-editor-base\"\n\t\t\t\n\t\t>\n<div class=\"siteorigin-widget-tinymce textwidget\">\n\t<ul>\n<li><strong>Gernetic tretmanom<\/strong> re\u0161ava se problem opu\u0161tenih grudi: posle poro\u0111aja, gubljenja te\u017eine, godina, demineralizacije ko\u017ee grudi, posledica terapije.<\/li>\n<li>Tako\u0111e,\u00a0<strong>Gernetic<\/strong> tretmanom mogu\u0107e je re\u0161iti problem prevelikih grudi.<\/li>\n<li>Pre svakog tretmana vr\u0161i se merenje kao i odmah nakon tretmana<\/li>\n<\/ul>\n<p><img decoding=\"async\" loading=\"lazy\" class=\"alignnone size-medium wp-image-246\" src=\"http:\/\/salonbojana.rs\/wp-content\/uploads\/2017\/02\/sl-2a-300x138.jpg\" alt=\"\" width=\"300\" height=\"138\" \/><\/p>\n<p>\u00a0<\/p>\n<\/div>\n<\/div><\/div><\/div><\/div><\/div><\/div><\/div>","protected":false},"excerpt":{"rendered":"<p>Gernetic tretmanom re\u0161ava se problem opu\u0161tenih grudi: posle poro\u0111aja, gubljenja te\u017eine, godina, demineralizacije ko\u017ee grudi, posledica terapije.Tako\u0111e,\u00a0Gernetic tretmanom mogu\u0107e je re\u0161iti problem [&hellip;]<\/p>\n","protected":false},"author":1,"featured_media":0,"parent":54,"menu_order":0,"comment_status":"closed","ping_status":"closed","template":"","meta":[],"_links":{"self":[{"href":"https:\/\/salonbojana.rs\/index.php?rest_route=\/wp\/v2\/pages\/334"}],"collection":[{"href":"https:\/\/salonbojana.rs\/index.php?rest_route=\/wp\/v2\/pages"}],"about":[{"href":"https:\/\/salonbojana.rs\/index.php?rest_route=\/wp\/v2\/types\/page"}],"author":[{"embeddable":true,"href":"https:\/\/salonbojana.rs\/index.php?rest_route=\/wp\/v2\/users\/1"}],"replies":[{"embeddable":true,"href":"https:\/\/salonbojana.rs\/index.php?rest_route=%2Fwp%2Fv2%2Fcomments&post=334"}],"version-history":[{"count":2,"href":"https:\/\/salonbojana.rs\/index.php?rest_route=\/wp\/v2\/pages\/334\/revisions"}],"predecessor-version":[{"id":642,"href":"https:\/\/salonbojana.rs\/index.php?rest_route=\/wp\/v2\/pages\/334\/revisions\/642"}],"up":[{"embeddable":true,"href":"https:\/\/salonbojana.rs\/index.php?rest_route=\/wp\/v2\/pages\/54"}],"wp:attachment":[{"href":"https:\/\/salonbojana.rs\/index.php?rest_route=%2Fwp%2Fv2%2Fmedia&parent=334"}],"curies":[{"name":"wp","href":"https:\/\/api.w.org\/{rel}","templated":true}]}}