{"id":62,"date":"2017-02-17T21:35:11","date_gmt":"2017-02-17T21:35:11","guid":{"rendered":"http:\/\/salonbojana.rs\/?page_id=62"},"modified":"2018-07-24T20:24:20","modified_gmt":"2018-07-24T20:24:20","slug":"depilacija","status":"publish","type":"page","link":"https:\/\/salonbojana.rs\/?page_id=62","title":{"rendered":"Depilacija"},"content":{"rendered":"<div id=\"pl-62\"  class=\"panel-layout\" ><div id=\"pg-62-0\"  class=\"panel-grid panel-has-style\" ><div class=\"siteorigin-panels-stretch mob-pad-0 panel-row-style panel-row-style-for-62-0\" style=\"padding: 0px 0; \" data-stretch-type=\"full\" data-overlay=\"true\" data-overlay-color=\"#000000\" ><div id=\"pgc-62-0-0\"  class=\"panel-grid-cell\" ><div id=\"panel-62-0-0-0\" class=\"so-panel widget widget_sow-editor panel-first-child panel-last-child\" data-index=\"0\" ><div style=\"text-align: left;\" data-title-color=\"#443f3f\" data-headings-color=\"#443f3f\" class=\"panel-widget-style panel-widget-style-for-62-0-0-0\" ><div\n\t\t\t\n\t\t\tclass=\"so-widget-sow-editor so-widget-sow-editor-base\"\n\t\t\t\n\t\t>\n<div class=\"siteorigin-widget-tinymce textwidget\">\n\t<ul>\n<li>Koristi se hladni Depileve vosak<\/li>\n<li>Za intimnu regiju\u00a0u upotrebi je topli Azulenski vosak za osetljivu ko\u017eu<\/li>\n<li>Higijena i stru\u010dnost su na\u0161 prioritet!<\/li>\n<\/ul>\n<p><img decoding=\"async\" loading=\"lazy\" class=\"alignnone size-full wp-image-258\" src=\"http:\/\/salonbojana.rs\/wp-content\/uploads\/2017\/02\/depileve.jpg\" alt=\"\" width=\"250\" height=\"172\" srcset=\"https:\/\/salonbojana.rs\/wp-content\/uploads\/2017\/02\/depileve.jpg 250w, https:\/\/salonbojana.rs\/wp-content\/uploads\/2017\/02\/depileve-230x158.jpg 230w\" sizes=\"(max-width: 250px) 100vw, 250px\" \/>\u00a0<img decoding=\"async\" loading=\"lazy\" class=\"alignnone size-medium wp-image-176\" src=\"http:\/\/salonbojana.rs\/wp-content\/uploads\/2017\/02\/depilacija-300x169.jpg\" alt=\"\" width=\"300\" height=\"169\" srcset=\"https:\/\/salonbojana.rs\/wp-content\/uploads\/2017\/02\/depilacija-300x169.jpg 300w, https:\/\/salonbojana.rs\/wp-content\/uploads\/2017\/02\/depilacija-768x432.jpg 768w, https:\/\/salonbojana.rs\/wp-content\/uploads\/2017\/02\/depilacija-1024x576.jpg 1024w, https:\/\/salonbojana.rs\/wp-content\/uploads\/2017\/02\/depilacija-830x467.jpg 830w, https:\/\/salonbojana.rs\/wp-content\/uploads\/2017\/02\/depilacija-230x129.jpg 230w, https:\/\/salonbojana.rs\/wp-content\/uploads\/2017\/02\/depilacija-350x197.jpg 350w, https:\/\/salonbojana.rs\/wp-content\/uploads\/2017\/02\/depilacija-480x270.jpg 480w, https:\/\/salonbojana.rs\/wp-content\/uploads\/2017\/02\/depilacija.jpg 1225w\" sizes=\"(max-width: 300px) 100vw, 300px\" \/><\/p>\n<\/div>\n<\/div><\/div><\/div><\/div><\/div><\/div><\/div>","protected":false},"excerpt":{"rendered":"<p>Koristi se hladni Depileve vosak Za intimnu regiju\u00a0u upotrebi je topli Azulenski vosak za osetljivu ko\u017eu Higijena i stru\u010dnost su na\u0161 prioritet! [&hellip;]<\/p>\n","protected":false},"author":1,"featured_media":0,"parent":54,"menu_order":0,"comment_status":"closed","ping_status":"closed","template":"","meta":[],"_links":{"self":[{"href":"https:\/\/salonbojana.rs\/index.php?rest_route=\/wp\/v2\/pages\/62"}],"collection":[{"href":"https:\/\/salonbojana.rs\/index.php?rest_route=\/wp\/v2\/pages"}],"about":[{"href":"https:\/\/salonbojana.rs\/index.php?rest_route=\/wp\/v2\/types\/page"}],"author":[{"embeddable":true,"href":"https:\/\/salonbojana.rs\/index.php?rest_route=\/wp\/v2\/users\/1"}],"replies":[{"embeddable":true,"href":"https:\/\/salonbojana.rs\/index.php?rest_route=%2Fwp%2Fv2%2Fcomments&post=62"}],"version-history":[{"count":11,"href":"https:\/\/salonbojana.rs\/index.php?rest_route=\/wp\/v2\/pages\/62\/revisions"}],"predecessor-version":[{"id":1038,"href":"https:\/\/salonbojana.rs\/index.php?rest_route=\/wp\/v2\/pages\/62\/revisions\/1038"}],"up":[{"embeddable":true,"href":"https:\/\/salonbojana.rs\/index.php?rest_route=\/wp\/v2\/pages\/54"}],"wp:attachment":[{"href":"https:\/\/salonbojana.rs\/index.php?rest_route=%2Fwp%2Fv2%2Fmedia&parent=62"}],"curies":[{"name":"wp","href":"https:\/\/api.w.org\/{rel}","templated":true}]}}