{"id":74,"date":"2017-02-17T21:38:03","date_gmt":"2017-02-17T21:38:03","guid":{"rendered":"http:\/\/salonbojana.rs\/?page_id=74"},"modified":"2018-07-24T18:47:57","modified_gmt":"2018-07-24T18:47:57","slug":"pedikir","status":"publish","type":"page","link":"https:\/\/salonbojana.rs\/?page_id=74","title":{"rendered":"Pedikir"},"content":{"rendered":"<div id=\"pl-74\"  class=\"panel-layout\" ><div id=\"pg-74-0\"  class=\"panel-grid panel-has-style\" ><div class=\"siteorigin-panels-stretch panel-row-style panel-row-style-for-74-0\" style=\"padding: 0px 0; \" data-stretch-type=\"full\" data-overlay=\"true\" data-overlay-color=\"#000000\" ><div id=\"pgc-74-0-0\"  class=\"panel-grid-cell\" ><div id=\"panel-74-0-0-0\" class=\"so-panel widget widget_sow-editor panel-first-child panel-last-child\" data-index=\"0\" ><div style=\"text-align: left;\" data-title-color=\"#443f3f\" data-headings-color=\"#443f3f\" class=\"panel-widget-style panel-widget-style-for-74-0-0-0\" ><div\n\t\t\t\n\t\t\tclass=\"so-widget-sow-editor so-widget-sow-editor-base\"\n\t\t\t\n\t\t>\n<div class=\"siteorigin-widget-tinymce textwidget\">\n\t<ul>\n<li>Radimo kompletan pedikir sa:\n<ul>\n<li>omek\u0161avanjem peta,<\/li>\n<li>skidanjem zadebljalih delova,<\/li>\n<li>oblikovanje noktiju, zanoktica,<\/li>\n<li>piling,<\/li>\n<li>masa\u017ea stopala,<\/li>\n<li>lakiranje ili ukra\u0161avanje.<\/li>\n<li>nokte na nogama tako\u0111e mo\u017eete<strong> oja\u010dati gelom u boji ili uraditi gel fren\u010d<\/strong>.<\/li>\n<li><strong>Novina je ANTIMIKOTI\u010cKI GEL za le\u010denje gljivica i promena na noktima.<\/strong><\/li>\n<\/ul>\n<\/li>\n<li>Pedikir se radi u sterilnim uslovima kao osnovnim preduslovom za siguran pedikir.<\/li>\n<\/ul>\n<p><img decoding=\"async\" loading=\"lazy\" class=\"alignnone size-full wp-image-998\" src=\"http:\/\/salonbojana.rs\/wp-content\/uploads\/2018\/07\/pedikir1.jpg\" alt=\"\" width=\"197\" height=\"197\" srcset=\"https:\/\/salonbojana.rs\/wp-content\/uploads\/2018\/07\/pedikir1.jpg 197w, https:\/\/salonbojana.rs\/wp-content\/uploads\/2018\/07\/pedikir1-150x150.jpg 150w\" sizes=\"(max-width: 197px) 100vw, 197px\" \/> <img decoding=\"async\" loading=\"lazy\" class=\"alignnone size-full wp-image-999\" src=\"http:\/\/salonbojana.rs\/wp-content\/uploads\/2018\/07\/pedikir.jpg\" alt=\"\" width=\"266\" height=\"189\" srcset=\"https:\/\/salonbojana.rs\/wp-content\/uploads\/2018\/07\/pedikir.jpg 266w, https:\/\/salonbojana.rs\/wp-content\/uploads\/2018\/07\/pedikir-230x163.jpg 230w\" sizes=\"(max-width: 266px) 100vw, 266px\" \/><\/p>\n<\/div>\n<\/div><\/div><\/div><\/div><\/div><\/div><\/div>","protected":false},"excerpt":{"rendered":"<p>Radimo kompletan pedikir sa: omek\u0161avanjem peta, skidanjem zadebljalih delova, oblikovanje noktiju, zanoktica, piling, masa\u017ea stopala, lakiranje ili ukra\u0161avanje. nokte na nogama tako\u0111e [&hellip;]<\/p>\n","protected":false},"author":1,"featured_media":0,"parent":54,"menu_order":0,"comment_status":"closed","ping_status":"closed","template":"","meta":[],"_links":{"self":[{"href":"https:\/\/salonbojana.rs\/index.php?rest_route=\/wp\/v2\/pages\/74"}],"collection":[{"href":"https:\/\/salonbojana.rs\/index.php?rest_route=\/wp\/v2\/pages"}],"about":[{"href":"https:\/\/salonbojana.rs\/index.php?rest_route=\/wp\/v2\/types\/page"}],"author":[{"embeddable":true,"href":"https:\/\/salonbojana.rs\/index.php?rest_route=\/wp\/v2\/users\/1"}],"replies":[{"embeddable":true,"href":"https:\/\/salonbojana.rs\/index.php?rest_route=%2Fwp%2Fv2%2Fcomments&post=74"}],"version-history":[{"count":8,"href":"https:\/\/salonbojana.rs\/index.php?rest_route=\/wp\/v2\/pages\/74\/revisions"}],"predecessor-version":[{"id":1001,"href":"https:\/\/salonbojana.rs\/index.php?rest_route=\/wp\/v2\/pages\/74\/revisions\/1001"}],"up":[{"embeddable":true,"href":"https:\/\/salonbojana.rs\/index.php?rest_route=\/wp\/v2\/pages\/54"}],"wp:attachment":[{"href":"https:\/\/salonbojana.rs\/index.php?rest_route=%2Fwp%2Fv2%2Fmedia&parent=74"}],"curies":[{"name":"wp","href":"https:\/\/api.w.org\/{rel}","templated":true}]}}